{"id":170,"date":"2023-05-13T13:40:59","date_gmt":"2023-05-13T16:40:59","guid":{"rendered":"https:\/\/vieiraesilvaadvocacia.com\/?page_id=170"},"modified":"2024-09-09T14:54:22","modified_gmt":"2024-09-09T17:54:22","slug":"advogado","status":"publish","type":"page","link":"https:\/\/vieiraesilvaadvocacia.com\/index.php\/advogado\/","title":{"rendered":"Advogado"},"content":{"rendered":"\t\t<div data-elementor-type=\"wp-page\" data-elementor-id=\"170\" class=\"elementor elementor-170\" data-elementor-post-type=\"page\">\n\t\t\t\t\t\t<section class=\"elementor-section elementor-top-section elementor-element elementor-element-2e676c7a elementor-section-boxed elementor-section-height-default elementor-section-height-default\" data-id=\"2e676c7a\" data-element_type=\"section\" data-settings=\"{&quot;background_background&quot;:&quot;classic&quot;}\">\n\t\t\t\t\t\t<div class=\"elementor-container elementor-column-gap-default\">\n\t\t\t\t\t<div class=\"elementor-column elementor-col-50 elementor-top-column elementor-element elementor-element-53802449\" data-id=\"53802449\" data-element_type=\"column\">\n\t\t\t<div class=\"elementor-widget-wrap elementor-element-populated\">\n\t\t\t\t\t\t<div class=\"elementor-element elementor-element-780ec33 elementor-widget elementor-widget-heading\" data-id=\"780ec33\" data-element_type=\"widget\" data-widget_type=\"heading.default\">\n\t\t\t\t<div class=\"elementor-widget-container\">\n\t\t\t\t\t<h2 class=\"elementor-heading-title elementor-size-default\">Construir, Planejar e Proteger<\/h2>\t\t\t\t<\/div>\n\t\t\t\t<\/div>\n\t\t\t\t<div class=\"elementor-element elementor-element-4d98b894 elementor-widget-divider--view-line elementor-widget elementor-widget-divider\" data-id=\"4d98b894\" data-element_type=\"widget\" data-widget_type=\"divider.default\">\n\t\t\t\t<div class=\"elementor-widget-container\">\n\t\t\t\t\t\t\t<div class=\"elementor-divider\">\n\t\t\t<span class=\"elementor-divider-separator\">\n\t\t\t\t\t\t<\/span>\n\t\t<\/div>\n\t\t\t\t\t\t<\/div>\n\t\t\t\t<\/div>\n\t\t\t\t<div class=\"elementor-element elementor-element-3bfb3ac5 elementor-widget elementor-widget-text-editor\" data-id=\"3bfb3ac5\" data-element_type=\"widget\" data-widget_type=\"text-editor.default\">\n\t\t\t\t<div class=\"elementor-widget-container\">\n\t\t\t\t\t\t\t\t\t<p>Advogado<\/p>\t\t\t\t\t\t\t\t<\/div>\n\t\t\t\t<\/div>\n\t\t\t\t\t<\/div>\n\t\t<\/div>\n\t\t\t\t<div class=\"elementor-column elementor-col-50 elementor-top-column elementor-element elementor-element-1cae8f2f\" data-id=\"1cae8f2f\" data-element_type=\"column\">\n\t\t\t<div class=\"elementor-widget-wrap\">\n\t\t\t\t\t\t\t<\/div>\n\t\t<\/div>\n\t\t\t\t\t<\/div>\n\t\t<\/section>\n\t\t\t\t<section class=\"elementor-section elementor-top-section elementor-element elementor-element-14ead61d elementor-section-boxed elementor-section-height-default elementor-section-height-default\" data-id=\"14ead61d\" data-element_type=\"section\">\n\t\t\t\t\t\t<div class=\"elementor-container elementor-column-gap-default\">\n\t\t\t\t\t<div class=\"elementor-column elementor-col-100 elementor-top-column elementor-element elementor-element-4f521af6\" data-id=\"4f521af6\" data-element_type=\"column\">\n\t\t\t<div class=\"elementor-widget-wrap elementor-element-populated\">\n\t\t\t\t\t\t<div class=\"elementor-element elementor-element-16521050 elementor-widget elementor-widget-spacer\" data-id=\"16521050\" data-element_type=\"widget\" data-widget_type=\"spacer.default\">\n\t\t\t\t<div class=\"elementor-widget-container\">\n\t\t\t\t\t\t\t<div class=\"elementor-spacer\">\n\t\t\t<div class=\"elementor-spacer-inner\"><\/div>\n\t\t<\/div>\n\t\t\t\t\t\t<\/div>\n\t\t\t\t<\/div>\n\t\t\t\t<section class=\"elementor-section elementor-inner-section elementor-element elementor-element-307bbe5f elementor-section-content-middle elementor-section-boxed elementor-section-height-default elementor-section-height-default\" data-id=\"307bbe5f\" data-element_type=\"section\">\n\t\t\t\t\t\t<div class=\"elementor-container elementor-column-gap-default\">\n\t\t\t\t\t<div class=\"elementor-column elementor-col-50 elementor-inner-column elementor-element elementor-element-77fb025a\" data-id=\"77fb025a\" data-element_type=\"column\">\n\t\t\t<div class=\"elementor-widget-wrap elementor-element-populated\">\n\t\t\t\t\t\t<div class=\"elementor-element elementor-element-8782566 elementor-widget__width-initial elementor-widget elementor-widget-image\" data-id=\"8782566\" data-element_type=\"widget\" data-widget_type=\"image.default\">\n\t\t\t\t<div class=\"elementor-widget-container\">\n\t\t\t\t\t\t\t\t\t\t\t\t\t\t\t<img fetchpriority=\"high\" decoding=\"async\" width=\"608\" height=\"1024\" src=\"https:\/\/vieiraesilvaadvocacia.com\/wp-content\/uploads\/2024\/09\/foto-thales-608x1024.jpg\" class=\"attachment-large size-large wp-image-854\" alt=\"\" srcset=\"https:\/\/vieiraesilvaadvocacia.com\/wp-content\/uploads\/2024\/09\/foto-thales-608x1024.jpg 608w, https:\/\/vieiraesilvaadvocacia.com\/wp-content\/uploads\/2024\/09\/foto-thales-178x300.jpg 178w, https:\/\/vieiraesilvaadvocacia.com\/wp-content\/uploads\/2024\/09\/foto-thales-768x1293.jpg 768w, https:\/\/vieiraesilvaadvocacia.com\/wp-content\/uploads\/2024\/09\/foto-thales-912x1536.jpg 912w, https:\/\/vieiraesilvaadvocacia.com\/wp-content\/uploads\/2024\/09\/foto-thales-1217x2048.jpg 1217w, https:\/\/vieiraesilvaadvocacia.com\/wp-content\/uploads\/2024\/09\/foto-thales-scaled.jpg 1521w\" sizes=\"(max-width: 608px) 100vw, 608px\" \/>\t\t\t\t\t\t\t\t\t\t\t\t\t\t\t<\/div>\n\t\t\t\t<\/div>\n\t\t\t\t\t<\/div>\n\t\t<\/div>\n\t\t\t\t<div class=\"elementor-column elementor-col-50 elementor-inner-column elementor-element elementor-element-16dd261\" data-id=\"16dd261\" data-element_type=\"column\">\n\t\t\t<div class=\"elementor-widget-wrap elementor-element-populated\">\n\t\t\t\t\t\t<div class=\"elementor-element elementor-element-3aa03886 elementor-widget elementor-widget-heading\" data-id=\"3aa03886\" data-element_type=\"widget\" data-widget_type=\"heading.default\">\n\t\t\t\t<div class=\"elementor-widget-container\">\n\t\t\t\t\t<h2 class=\"elementor-heading-title elementor-size-default\">Thales Vieira da Silva<\/h2>\t\t\t\t<\/div>\n\t\t\t\t<\/div>\n\t\t\t\t<div class=\"elementor-element elementor-element-5f9a85c elementor-widget elementor-widget-heading\" data-id=\"5f9a85c\" data-element_type=\"widget\" data-widget_type=\"heading.default\">\n\t\t\t\t<div class=\"elementor-widget-container\">\n\t\t\t\t\t<h2 class=\"elementor-heading-title elementor-size-default\">Advogado<\/h2>\t\t\t\t<\/div>\n\t\t\t\t<\/div>\n\t\t\t\t<div class=\"elementor-element elementor-element-19bc6518 elementor-widget-divider--view-line elementor-widget elementor-widget-divider\" data-id=\"19bc6518\" data-element_type=\"widget\" data-widget_type=\"divider.default\">\n\t\t\t\t<div class=\"elementor-widget-container\">\n\t\t\t\t\t\t\t<div class=\"elementor-divider\">\n\t\t\t<span class=\"elementor-divider-separator\">\n\t\t\t\t\t\t<\/span>\n\t\t<\/div>\n\t\t\t\t\t\t<\/div>\n\t\t\t\t<\/div>\n\t\t\t\t<div class=\"elementor-element elementor-element-6b9461ad elementor-widget elementor-widget-text-editor\" data-id=\"6b9461ad\" data-element_type=\"widget\" data-widget_type=\"text-editor.default\">\n\t\t\t\t<div class=\"elementor-widget-container\">\n\t\t\t\t\t\t\t\t\t<p><strong><span class=\"color_18 wixui-rich-text__text\">BIO:<\/span><\/strong><br class=\"wixui-rich-text__text\">Formando em Direito pela renomada Escola Superior Dom Helder Camara em Belo Horizonte, Thales Vieira da Silva desde o in\u00edcio da sua carreira atua focado na&nbsp; \u00e1rea de invent\u00e1rio, regulariza\u00e7\u00e3o de im\u00f3veis e planejamento patrimonial.<br class=\"wixui-rich-text__text\"><br>Em sua trajet\u00f3ria profissional busca sempre atuar com \u00e9tica e profissionalismo, gerando o melhor resultado para seus clientes.<br class=\"wixui-rich-text__text\"><br class=\"wixui-rich-text__text\"><br class=\"wixui-rich-text__text\"><strong><span class=\"color_18 wixui-rich-text__text\">INSCRI\u00c7\u00c3O OAB:<\/span><\/strong><br class=\"wixui-rich-text__text\">147.995<\/p>\t\t\t\t\t\t\t\t<\/div>\n\t\t\t\t<\/div>\n\t\t\t\t<div class=\"elementor-element elementor-element-4bbd705 elementor-align-left elementor-widget elementor-widget-button\" data-id=\"4bbd705\" data-element_type=\"widget\" data-widget_type=\"button.default\">\n\t\t\t\t<div class=\"elementor-widget-container\">\n\t\t\t\t\t\t\t\t\t<div class=\"elementor-button-wrapper\">\n\t\t\t\t\t<a class=\"elementor-button elementor-button-link elementor-size-md elementor-animation-pulse\" href=\"http:\/\/wa.me\/5533984316911\">\n\t\t\t\t\t\t<span class=\"elementor-button-content-wrapper\">\n\t\t\t\t\t\t<span class=\"elementor-button-icon\">\n\t\t\t\t<i aria-hidden=\"true\" class=\"fab fa-whatsapp\"><\/i>\t\t\t<\/span>\n\t\t\t\t\t\t\t\t\t<span class=\"elementor-button-text\">Fale comigo!<\/span>\n\t\t\t\t\t<\/span>\n\t\t\t\t\t<\/a>\n\t\t\t\t<\/div>\n\t\t\t\t\t\t\t\t<\/div>\n\t\t\t\t<\/div>\n\t\t\t\t\t<\/div>\n\t\t<\/div>\n\t\t\t\t\t<\/div>\n\t\t<\/section>\n\t\t\t\t<div class=\"elementor-element elementor-element-414cab73 elementor-widget elementor-widget-spacer\" data-id=\"414cab73\" data-element_type=\"widget\" data-widget_type=\"spacer.default\">\n\t\t\t\t<div class=\"elementor-widget-container\">\n\t\t\t\t\t\t\t<div class=\"elementor-spacer\">\n\t\t\t<div class=\"elementor-spacer-inner\"><\/div>\n\t\t<\/div>\n\t\t\t\t\t\t<\/div>\n\t\t\t\t<\/div>\n\t\t\t\t\t<\/div>\n\t\t<\/div>\n\t\t\t\t\t<\/div>\n\t\t<\/section>\n\t\t\t\t<\/div>\n\t\t","protected":false},"excerpt":{"rendered":"<p>Construir, Planejar e Proteger Advogado Thales Vieira da Silva Advogado BIO:Formando em Direito pela renomada Escola Superior Dom Helder Camara em Belo Horizonte, Thales Vieira da Silva desde o in\u00edcio da sua carreira atua focado na&nbsp; \u00e1rea de invent\u00e1rio, regulariza\u00e7\u00e3o de im\u00f3veis e planejamento patrimonial. Em sua trajet\u00f3ria profissional busca sempre atuar com \u00e9tica e [&hellip;]<\/p>\n","protected":false},"author":1,"featured_media":0,"parent":0,"menu_order":0,"comment_status":"closed","ping_status":"closed","template":"elementor_header_footer","meta":{"_monsterinsights_skip_tracking":false,"_monsterinsights_sitenote_active":false,"_monsterinsights_sitenote_note":"","_monsterinsights_sitenote_category":0,"_joinchat":[],"footnotes":""},"class_list":["post-170","page","type-page","status-publish","hentry"],"yoast_head":"<!-- This site is optimized with the Yoast SEO plugin v26.1.1 - https:\/\/yoast.com\/wordpress\/plugins\/seo\/ -->\n<title>Advogado - vieiraesilvaadvocacia.com<\/title>\n<meta name=\"robots\" content=\"index, follow, max-snippet:-1, max-image-preview:large, max-video-preview:-1\" \/>\n<link rel=\"canonical\" href=\"https:\/\/vieiraesilvaadvocacia.com\/index.php\/advogado\/\" \/>\n<meta property=\"og:locale\" content=\"pt_BR\" \/>\n<meta property=\"og:type\" content=\"article\" \/>\n<meta property=\"og:title\" content=\"Advogado - vieiraesilvaadvocacia.com\" \/>\n<meta property=\"og:description\" content=\"Construir, Planejar e Proteger Advogado Thales Vieira da Silva Advogado BIO:Formando em Direito pela renomada Escola Superior Dom Helder Camara em Belo Horizonte, Thales Vieira da Silva desde o in\u00edcio da sua carreira atua focado na&nbsp; \u00e1rea de invent\u00e1rio, regulariza\u00e7\u00e3o de im\u00f3veis e planejamento patrimonial. Em sua trajet\u00f3ria profissional busca sempre atuar com \u00e9tica e [&hellip;]\" \/>\n<meta property=\"og:url\" content=\"https:\/\/vieiraesilvaadvocacia.com\/index.php\/advogado\/\" \/>\n<meta property=\"og:site_name\" content=\"vieiraesilvaadvocacia.com\" \/>\n<meta property=\"article:publisher\" content=\"https:\/\/www.facebook.com\/drthalesvieiradasilva\" \/>\n<meta property=\"article:modified_time\" content=\"2024-09-09T17:54:22+00:00\" \/>\n<meta property=\"og:image\" content=\"http:\/\/vieiraesilvaadvocacia.com\/wp-content\/uploads\/2024\/09\/foto-thales-608x1024.jpg\" \/>\n<meta name=\"twitter:card\" content=\"summary_large_image\" \/>\n<meta name=\"twitter:label1\" content=\"Est. tempo de leitura\" \/>\n\t<meta name=\"twitter:data1\" content=\"1 minuto\" \/>\n<script type=\"application\/ld+json\" class=\"yoast-schema-graph\">{\"@context\":\"https:\/\/schema.org\",\"@graph\":[{\"@type\":\"WebPage\",\"@id\":\"https:\/\/vieiraesilvaadvocacia.com\/index.php\/advogado\/\",\"url\":\"https:\/\/vieiraesilvaadvocacia.com\/index.php\/advogado\/\",\"name\":\"Advogado - vieiraesilvaadvocacia.com\",\"isPartOf\":{\"@id\":\"https:\/\/vieiraesilvaadvocacia.com\/#website\"},\"primaryImageOfPage\":{\"@id\":\"https:\/\/vieiraesilvaadvocacia.com\/index.php\/advogado\/#primaryimage\"},\"image\":{\"@id\":\"https:\/\/vieiraesilvaadvocacia.com\/index.php\/advogado\/#primaryimage\"},\"thumbnailUrl\":\"http:\/\/vieiraesilvaadvocacia.com\/wp-content\/uploads\/2024\/09\/foto-thales-608x1024.jpg\",\"datePublished\":\"2023-05-13T16:40:59+00:00\",\"dateModified\":\"2024-09-09T17:54:22+00:00\",\"breadcrumb\":{\"@id\":\"https:\/\/vieiraesilvaadvocacia.com\/index.php\/advogado\/#breadcrumb\"},\"inLanguage\":\"pt-BR\",\"potentialAction\":[{\"@type\":\"ReadAction\",\"target\":[\"https:\/\/vieiraesilvaadvocacia.com\/index.php\/advogado\/\"]}]},{\"@type\":\"ImageObject\",\"inLanguage\":\"pt-BR\",\"@id\":\"https:\/\/vieiraesilvaadvocacia.com\/index.php\/advogado\/#primaryimage\",\"url\":\"https:\/\/vieiraesilvaadvocacia.com\/wp-content\/uploads\/2024\/09\/foto-thales-scaled.jpg\",\"contentUrl\":\"https:\/\/vieiraesilvaadvocacia.com\/wp-content\/uploads\/2024\/09\/foto-thales-scaled.jpg\",\"width\":1521,\"height\":2560},{\"@type\":\"BreadcrumbList\",\"@id\":\"https:\/\/vieiraesilvaadvocacia.com\/index.php\/advogado\/#breadcrumb\",\"itemListElement\":[{\"@type\":\"ListItem\",\"position\":1,\"name\":\"In\u00edcio\",\"item\":\"https:\/\/vieiraesilvaadvocacia.com\/\"},{\"@type\":\"ListItem\",\"position\":2,\"name\":\"Advogado\"}]},{\"@type\":\"WebSite\",\"@id\":\"https:\/\/vieiraesilvaadvocacia.com\/#website\",\"url\":\"https:\/\/vieiraesilvaadvocacia.com\/\",\"name\":\"vieiraesilvaadvocacia.com\",\"description\":\"\",\"publisher\":{\"@id\":\"https:\/\/vieiraesilvaadvocacia.com\/#organization\"},\"potentialAction\":[{\"@type\":\"SearchAction\",\"target\":{\"@type\":\"EntryPoint\",\"urlTemplate\":\"https:\/\/vieiraesilvaadvocacia.com\/?s={search_term_string}\"},\"query-input\":{\"@type\":\"PropertyValueSpecification\",\"valueRequired\":true,\"valueName\":\"search_term_string\"}}],\"inLanguage\":\"pt-BR\"},{\"@type\":\"Organization\",\"@id\":\"https:\/\/vieiraesilvaadvocacia.com\/#organization\",\"name\":\"vieiraesilvaadvocacia.com\",\"url\":\"https:\/\/vieiraesilvaadvocacia.com\/\",\"logo\":{\"@type\":\"ImageObject\",\"inLanguage\":\"pt-BR\",\"@id\":\"https:\/\/vieiraesilvaadvocacia.com\/#\/schema\/logo\/image\/\",\"url\":\"https:\/\/vieiraesilvaadvocacia.com\/wp-content\/uploads\/2024\/05\/logo.jpg\",\"contentUrl\":\"https:\/\/vieiraesilvaadvocacia.com\/wp-content\/uploads\/2024\/05\/logo.jpg\",\"width\":257,\"height\":346,\"caption\":\"vieiraesilvaadvocacia.com\"},\"image\":{\"@id\":\"https:\/\/vieiraesilvaadvocacia.com\/#\/schema\/logo\/image\/\"},\"sameAs\":[\"https:\/\/www.facebook.com\/drthalesvieiradasilva\",\"https:\/\/www.instagram.com\/thales.vieira.silva\/\"]}]}<\/script>\n<!-- \/ Yoast SEO plugin. -->","yoast_head_json":{"title":"Advogado - vieiraesilvaadvocacia.com","robots":{"index":"index","follow":"follow","max-snippet":"max-snippet:-1","max-image-preview":"max-image-preview:large","max-video-preview":"max-video-preview:-1"},"canonical":"https:\/\/vieiraesilvaadvocacia.com\/index.php\/advogado\/","og_locale":"pt_BR","og_type":"article","og_title":"Advogado - vieiraesilvaadvocacia.com","og_description":"Construir, Planejar e Proteger Advogado Thales Vieira da Silva Advogado BIO:Formando em Direito pela renomada Escola Superior Dom Helder Camara em Belo Horizonte, Thales Vieira da Silva desde o in\u00edcio da sua carreira atua focado na&nbsp; \u00e1rea de invent\u00e1rio, regulariza\u00e7\u00e3o de im\u00f3veis e planejamento patrimonial. Em sua trajet\u00f3ria profissional busca sempre atuar com \u00e9tica e [&hellip;]","og_url":"https:\/\/vieiraesilvaadvocacia.com\/index.php\/advogado\/","og_site_name":"vieiraesilvaadvocacia.com","article_publisher":"https:\/\/www.facebook.com\/drthalesvieiradasilva","article_modified_time":"2024-09-09T17:54:22+00:00","og_image":[{"url":"http:\/\/vieiraesilvaadvocacia.com\/wp-content\/uploads\/2024\/09\/foto-thales-608x1024.jpg","type":"","width":"","height":""}],"twitter_card":"summary_large_image","twitter_misc":{"Est. tempo de leitura":"1 minuto"},"schema":{"@context":"https:\/\/schema.org","@graph":[{"@type":"WebPage","@id":"https:\/\/vieiraesilvaadvocacia.com\/index.php\/advogado\/","url":"https:\/\/vieiraesilvaadvocacia.com\/index.php\/advogado\/","name":"Advogado - vieiraesilvaadvocacia.com","isPartOf":{"@id":"https:\/\/vieiraesilvaadvocacia.com\/#website"},"primaryImageOfPage":{"@id":"https:\/\/vieiraesilvaadvocacia.com\/index.php\/advogado\/#primaryimage"},"image":{"@id":"https:\/\/vieiraesilvaadvocacia.com\/index.php\/advogado\/#primaryimage"},"thumbnailUrl":"http:\/\/vieiraesilvaadvocacia.com\/wp-content\/uploads\/2024\/09\/foto-thales-608x1024.jpg","datePublished":"2023-05-13T16:40:59+00:00","dateModified":"2024-09-09T17:54:22+00:00","breadcrumb":{"@id":"https:\/\/vieiraesilvaadvocacia.com\/index.php\/advogado\/#breadcrumb"},"inLanguage":"pt-BR","potentialAction":[{"@type":"ReadAction","target":["https:\/\/vieiraesilvaadvocacia.com\/index.php\/advogado\/"]}]},{"@type":"ImageObject","inLanguage":"pt-BR","@id":"https:\/\/vieiraesilvaadvocacia.com\/index.php\/advogado\/#primaryimage","url":"https:\/\/vieiraesilvaadvocacia.com\/wp-content\/uploads\/2024\/09\/foto-thales-scaled.jpg","contentUrl":"https:\/\/vieiraesilvaadvocacia.com\/wp-content\/uploads\/2024\/09\/foto-thales-scaled.jpg","width":1521,"height":2560},{"@type":"BreadcrumbList","@id":"https:\/\/vieiraesilvaadvocacia.com\/index.php\/advogado\/#breadcrumb","itemListElement":[{"@type":"ListItem","position":1,"name":"In\u00edcio","item":"https:\/\/vieiraesilvaadvocacia.com\/"},{"@type":"ListItem","position":2,"name":"Advogado"}]},{"@type":"WebSite","@id":"https:\/\/vieiraesilvaadvocacia.com\/#website","url":"https:\/\/vieiraesilvaadvocacia.com\/","name":"vieiraesilvaadvocacia.com","description":"","publisher":{"@id":"https:\/\/vieiraesilvaadvocacia.com\/#organization"},"potentialAction":[{"@type":"SearchAction","target":{"@type":"EntryPoint","urlTemplate":"https:\/\/vieiraesilvaadvocacia.com\/?s={search_term_string}"},"query-input":{"@type":"PropertyValueSpecification","valueRequired":true,"valueName":"search_term_string"}}],"inLanguage":"pt-BR"},{"@type":"Organization","@id":"https:\/\/vieiraesilvaadvocacia.com\/#organization","name":"vieiraesilvaadvocacia.com","url":"https:\/\/vieiraesilvaadvocacia.com\/","logo":{"@type":"ImageObject","inLanguage":"pt-BR","@id":"https:\/\/vieiraesilvaadvocacia.com\/#\/schema\/logo\/image\/","url":"https:\/\/vieiraesilvaadvocacia.com\/wp-content\/uploads\/2024\/05\/logo.jpg","contentUrl":"https:\/\/vieiraesilvaadvocacia.com\/wp-content\/uploads\/2024\/05\/logo.jpg","width":257,"height":346,"caption":"vieiraesilvaadvocacia.com"},"image":{"@id":"https:\/\/vieiraesilvaadvocacia.com\/#\/schema\/logo\/image\/"},"sameAs":["https:\/\/www.facebook.com\/drthalesvieiradasilva","https:\/\/www.instagram.com\/thales.vieira.silva\/"]}]}},"_links":{"self":[{"href":"https:\/\/vieiraesilvaadvocacia.com\/index.php\/wp-json\/wp\/v2\/pages\/170","targetHints":{"allow":["GET"]}}],"collection":[{"href":"https:\/\/vieiraesilvaadvocacia.com\/index.php\/wp-json\/wp\/v2\/pages"}],"about":[{"href":"https:\/\/vieiraesilvaadvocacia.com\/index.php\/wp-json\/wp\/v2\/types\/page"}],"author":[{"embeddable":true,"href":"https:\/\/vieiraesilvaadvocacia.com\/index.php\/wp-json\/wp\/v2\/users\/1"}],"replies":[{"embeddable":true,"href":"https:\/\/vieiraesilvaadvocacia.com\/index.php\/wp-json\/wp\/v2\/comments?post=170"}],"version-history":[{"count":31,"href":"https:\/\/vieiraesilvaadvocacia.com\/index.php\/wp-json\/wp\/v2\/pages\/170\/revisions"}],"predecessor-version":[{"id":857,"href":"https:\/\/vieiraesilvaadvocacia.com\/index.php\/wp-json\/wp\/v2\/pages\/170\/revisions\/857"}],"wp:attachment":[{"href":"https:\/\/vieiraesilvaadvocacia.com\/index.php\/wp-json\/wp\/v2\/media?parent=170"}],"curies":[{"name":"wp","href":"https:\/\/api.w.org\/{rel}","templated":true}]}}